{"id":540,"date":"2024-02-06T12:25:20","date_gmt":"2024-02-06T17:25:20","guid":{"rendered":"https:\/\/impactmc.ca\/terms-of-use\/"},"modified":"2024-02-06T13:23:56","modified_gmt":"2024-02-06T18:23:56","slug":"conditions-utilisation","status":"publish","type":"page","link":"https:\/\/impactmc.ca\/fr\/conditions-utilisation\/","title":{"rendered":"Conditions d&rsquo;utilisation"},"content":{"rendered":"\n\n\t<h1>Conditions d&rsquo;utilisation<\/h1>\n<h2>\u00c0 propos de ces Conditions d&rsquo;utilisation<\/h2>\n<p>En acc\u00e9dant \u00e0 ce site Web et en le consultant, l&rsquo;utilisateur accepte automatiquement les Conditions d&rsquo;utilisation ainsi que notre \u00ab\u00a0Politique de confidentialit\u00e9\u00a0\u00bb. Veuillez lire ces documents attentivement. L&rsquo;acc\u00e8s et l&rsquo;utilisation du site d\u00e9pendent du respect de ces Conditions d&rsquo;utilisation et de la Politique de confidentialit\u00e9.<\/p>\n<h2>\u00c0 propos de nous<\/h2>\n<p>Le site impactmc.ca est la propri\u00e9t\u00e9 de : 3262511 Canada Inc DBA Impact Marketing<\/p>\n<ul>\n<li>Conception du site Web\u00a0: <a href=\"https:\/\/www.graphical-media.com\/\">Graphical<\/a><\/li>\n<li>Responsable de la publication (\u00e9diteur) : Karina Greenshields<\/li>\n<\/ul>\n<h2>Gestion du site<\/h2>\n<p>Pour la bonne gestion du site, l&rsquo;\u00e9diteur pourra \u00e0 tout moment\u00a0:<\/p>\n<ul>\n<li>Suspendre, interrompre ou limiter l&rsquo;acc\u00e8s \u00e0 tout ou en partie du site, r\u00e9server l&rsquo;acc\u00e8s au site, ou \u00e0 certaines parties du site, \u00e0 une cat\u00e9gorie d\u00e9termin\u00e9e d&rsquo;internautes;<\/li>\n<li>Supprimer toute information pouvant en perturber le fonctionnement ou entrant en contravention avec les lois nationales ou internationales, ou avec les r\u00e8gles de la n\u00e9tiquette;<\/li>\n<\/ul>\n<h2>Droit d&rsquo;auteur<\/h2>\n<p>Tous les textes du site, logos, concepts, graphiques, images, sons, informations, documents et autres ainsi que la s\u00e9lection, l&rsquo;arrangement et l&rsquo;affichage de ceux-ci, demeurent la propri\u00e9t\u00e9 exclusive de 3262511 Canada Inc DBA Impact Marketing et sont prot\u00e9g\u00e9s par la Loi sur le droit d&rsquo;auteur.<\/p>\n<p>Il est strictement interdit de reproduire, rediffuser, transmettre ou utiliser ces \u00e9l\u00e9ments d&rsquo;une quelconque mani\u00e8re sans avoir tout d&rsquo;abord re\u00e7u un consentement \u00e9crit de notre entreprise. Vous avez toutefois la possibilit\u00e9 de t\u00e9l\u00e9charger ou d&rsquo;imprimer une seule copie pour votre lecture personnelle, sans but commercial.<\/p>\n<h2>Renseignements personnels<\/h2>\n<p>La protection de vos renseignements personnels nous tient \u00e0 c\u0153ur, nous vous invitons donc \u00e0 prendre quelques instants pour prendre connaissance de notre <a href=\"\/fr\/politique-confidentialite\/\">Politique de confidentialit\u00e9<\/a>.<\/p>\n<h2>Limites de responsabilit\u00e9<\/h2>\n<h3><strong>Exactitude de l&rsquo;information<\/strong><\/h3>\n<p>Afin d&rsquo;assurer un service exceptionnel et fiable, nous mettons r\u00e9guli\u00e8rement \u00e0 jour les produits et\/ou services offerts par notre entreprise. Le contenu de ce site Web est offert en toute bonne foi, sans toutefois garantir que le contenu est exact, complet ou \u00e0 jour ni que le site Web n&rsquo;enfreint les droits d&rsquo;un tiers.<\/p>\n<p>Nous ne garantissons ni l&rsquo;exactitude ni l&rsquo;int\u00e9gralit\u00e9 des informations fournies, notamment les prix, images de produits, sp\u00e9cifications, disponibilit\u00e9s et descriptions des produits ou services. Nous nous r\u00e9servons le droit de modifier ou de mettre \u00e0 jour les renseignements, ainsi que de rectifier toute erreur, impr\u00e9cision ou omission \u00e0 tout moment, sans avoir \u00e0 vous notifier \u00e0 l&rsquo;avance.<\/p>\n<p>Nous d\u00e9clinons toute responsabilit\u00e9 quant \u00e0 votre usage du contenu du site. L&rsquo;utilisation de ce site s&rsquo;effectue \u00e0 vos propres risques. Bien que de nombreuses pr\u00e9cautions sont mises en \u0153uvre afin de pr\u00e9venir la pr\u00e9sence de virus ou d&rsquo;autres logiciels malveillants, nous ne pouvons en garantir l&rsquo;absence et n&rsquo;assumons aucune responsabilit\u00e9 \u00e0 cet \u00e9gard.<\/p>\n<p>Toutes les informations \u00e9chang\u00e9es sur ce site transitent par les r\u00e9seaux de t\u00e9l\u00e9communications publics. Nous ne pouvons assurer un fonctionnement continu et sans faille de ce site et d\u00e9clinons toute responsabilit\u00e9 \u00e0 cet \u00e9gard.<\/p>\n<h3><strong>Liens hypertextes<\/strong><\/h3>\n<p>Le site contient des liens hypertextes vers d&rsquo;autres sites Web. Le propri\u00e9taire du site n&rsquo;a pas la possibilit\u00e9 de v\u00e9rifier l&rsquo;\u00e9volution du contenu des sites externes et ne peut donc \u00eatre tenu responsable du contenu desdits liens ni des pratiques de ces sites tiers, notamment en ce qui concerne la protection des renseignements personnels. Le fait d&rsquo;inclure des hyperliens sur son propre site ne saurait en aucun cas constituer une quelconque adh\u00e9sion au contenu de ces sites.<\/p>\n<h2>Achats et demandes de service<\/h2>\n<p>Si vous souhaitez acheter un produit ou un service propos\u00e9 par notre entreprise, vous devrez peut-\u00eatre partager avec nous des informations importantes pour votre achat. Cela inclut des d\u00e9tails comme votre nom, adresse, num\u00e9ro de carte de cr\u00e9dit et autres informations n\u00e9cessaires aux produits ou services demand\u00e9s.<\/p>\n<p>Vous devez confirmer que\u00a0: (i) vous \u00eates autoris\u00e9 \u00e0 utiliser la carte de cr\u00e9dit ou le mode de paiement que vous avez choisi pour votre achat; et (ii) toutes les informations que vous nous donnez sont honn\u00eates, exactes et compl\u00e8tes.<\/p>\n<p>Quand vous nous donnez ces informations, vous acceptez que nous puissions les partager avec d&rsquo;autres entreprises si cela est n\u00e9cessaire pour la fourniture de nos services.<\/p>\n<p>Il est important de savoir que nous avons le droit de refuser ou d&rsquo;annuler votre commande ou demande de service pour plusieurs raisons. Par exemple, si ce que vous voulez acheter n&rsquo;est plus offert, s&rsquo;il y a eu une erreur dans le prix ou la description du produit, s&rsquo;il y a une erreur dans votre commande, que le service sera impossible \u00e0 offrir ou pour toute autre raison.<\/p>\n<h2>Modification des Conditions d&rsquo;utilisation<\/h2>\n<p>Ces Conditions d&rsquo;utilisation peuvent \u00eatre modifi\u00e9es \u00e0 tout moment afin de respecter la loi et de refl\u00e9ter tout changement \u00e0 la fa\u00e7on dont nous g\u00e9rons notre site et la fa\u00e7on dont nous nous attendons \u00e0 ce que les utilisateurs se comportent sur notre site.<\/p>\n<p>Nous conseillons \u00e0 nos utilisateurs de consulter r\u00e9guli\u00e8rement ces Conditions d&rsquo;utilisation afin d&rsquo;\u00eatre inform\u00e9s des \u00e9ventuelles mises \u00e0 jour. En continuant d&rsquo;utiliser le site Web, vous acceptez d&rsquo;\u00eatre li\u00e9 par les Conditions de ces mises \u00e0 jour et modifications.<\/p>\n<h2>Loi applicable<\/h2>\n<p>Ces termes seront r\u00e9gis, interpr\u00e9t\u00e9s et ex\u00e9cut\u00e9s conform\u00e9ment aux lois de la province du Qu\u00e9bec (Canada). Si une disposition de ces Conditions est tenue d&rsquo;\u00eatre invalide ou inex\u00e9cutable par une juridiction comp\u00e9tente, les autres dispositions desdites Conditions resteront en vigueur.<\/p>\n<h2>Traduction<\/h2>\n<p>En cas de divergences de signification ou d&rsquo;interpr\u00e9tation entre la version originale fran\u00e7aise des Conditions d&rsquo;utilisation ou de la Politique de confidentialit\u00e9 et une traduction, la version originale fran\u00e7aise pr\u00e9vaut.<\/p>\n<h2>Contact<\/h2>\n<p>Si vous avez des questions ou des inqui\u00e9tudes concernant cet accord ou le site Web, veuillez <a href=\"\/fr\/#contact\">nous contacter<\/a>.<\/p>\n<p>Ces Conditions ont \u00e9t\u00e9 mises \u00e0 jour pour la derni\u00e8re fois en <strong>janvier 2024<\/strong><\/p>\n\n","protected":false},"excerpt":{"rendered":"<p>Conditions d&rsquo;utilisation \u00c0 propos de ces Conditions d&rsquo;utilisation En acc\u00e9dant \u00e0 ce site Web et en le consultant, l&rsquo;utilisateur accepte automatiquement les Conditions d&rsquo;utilisation ainsi que notre \u00ab\u00a0Politique de confidentialit\u00e9\u00a0\u00bb. Veuillez lire ces documents attentivement. L&rsquo;acc\u00e8s et l&rsquo;utilisation du site d\u00e9pendent du respect de ces Conditions d&rsquo;utilisation et de la Politique de confidentialit\u00e9. \u00c0 propos&hellip;<\/p>\n","protected":false},"author":3,"featured_media":0,"parent":0,"menu_order":0,"comment_status":"closed","ping_status":"closed","template":"","meta":{"_seopress_robots_primary_cat":"","_seopress_titles_title":"","_seopress_titles_desc":"","_seopress_robots_index":"","footnotes":""},"class_list":["post-540","page","type-page","status-publish","hentry"],"_links":{"self":[{"href":"https:\/\/impactmc.ca\/fr\/wp-json\/wp\/v2\/pages\/540","targetHints":{"allow":["GET"]}}],"collection":[{"href":"https:\/\/impactmc.ca\/fr\/wp-json\/wp\/v2\/pages"}],"about":[{"href":"https:\/\/impactmc.ca\/fr\/wp-json\/wp\/v2\/types\/page"}],"author":[{"embeddable":true,"href":"https:\/\/impactmc.ca\/fr\/wp-json\/wp\/v2\/users\/3"}],"replies":[{"embeddable":true,"href":"https:\/\/impactmc.ca\/fr\/wp-json\/wp\/v2\/comments?post=540"}],"version-history":[{"count":5,"href":"https:\/\/impactmc.ca\/fr\/wp-json\/wp\/v2\/pages\/540\/revisions"}],"predecessor-version":[{"id":548,"href":"https:\/\/impactmc.ca\/fr\/wp-json\/wp\/v2\/pages\/540\/revisions\/548"}],"wp:attachment":[{"href":"https:\/\/impactmc.ca\/fr\/wp-json\/wp\/v2\/media?parent=540"}],"curies":[{"name":"wp","href":"https:\/\/api.w.org\/{rel}","templated":true}]}}