{"id":95,"date":"2017-06-05T11:06:00","date_gmt":"2017-06-05T15:06:00","guid":{"rendered":"http:\/\/impactmc.ca\/?page_id=95"},"modified":"2025-01-16T18:06:13","modified_gmt":"2025-01-16T23:06:13","slug":"service-integre-de-publicite-et-de-communications-a-montreal","status":"publish","type":"page","link":"https:\/\/impactmc.ca\/fr\/","title":{"rendered":"Service int\u00e9gr\u00e9 de publicit\u00e9 et de communications \u00e0 Montr\u00e9al"},"content":{"rendered":"\n\n\t<p><strong>Service int\u00e9gr\u00e9 de publicit\u00e9 et de communications<\/strong><\/p>\n\t<p>Une r\u00e9elle alternative aux agences traditionnelles.<\/p>\n\t<p>Cr\u00e9ativit\u00e9 captivante  | Rapidit\u00e9 | Souci continuel de vos besoins<\/p>\n\t\t\t<a href=\"#services\" target=\"_self\">\n\t\t\t\t\t\tVOYEZ CE QU&rsquo;IMPACT PEUT FAIRE POUR VOUS\n\t\t\t\t\t<\/a>\n\t<h1>NOUS SOMMES IMPACT MARKETING<\/h1>\n<p>Fini, l&rsquo;agence traditionnelle !<\/p>\n\t<h2>PUBLICIT\u00c9<\/h2><p>Nous pouvons moderniser et am\u00e9liorer la pr\u00e9sentation de vos marques de commerce actuelles et vous aider \u00e0 prendre de l&rsquo;expansion si vous le souhaitez.\u00a0 Nous croyons qu&rsquo;une publicit\u00e9 convaincante refl\u00e8te l&rsquo;importance d&rsquo;une compagnie, ainsi que la qualit\u00e9 de ses produits et services. La publicit\u00e9 \u00e9tablit une conversation intime entre la compagnie et la client\u00e8le potentielle, dans un climat de compr\u00e9hension et de confiance.<\/p>\n\t<h2>CR\u00c9ATIVIT\u00c9 ET IMPRIMERIE<\/h2><p>Peu importe si nos cr\u00e9ations sont destin\u00e9es \u00e0 l&rsquo;imprimerie ou au m\u00e9dium num\u00e9rique, elles identifieront votre marque de commerce, feront conna\u00eetre votre produit ou service et motiveront votre march\u00e9 cible \u00e0 communiquer avec votre entreprise.<\/p>\n\t<h2>RELATIONS PUBLIQUES<\/h2><p>Nos services incluent la publicit\u00e9, les communications corporatives, les programmes de relations avec la communaut\u00e9, la planification et l&rsquo;ex\u00e9cution d&rsquo;\u00e9v\u00e9nements, les promotions pour distributeur \/ d\u00e9taillant\u00a0et les relations commerciales d&rsquo;entreprises.<\/p>\n\t<h2>PUBLICIT\u00c9 PERSONNALIS\u00c9E<\/h2><p>Les revues sp\u00e9cialis\u00e9es et les feuillets d&rsquo;information sont des moyens efficaces pour permettre \u00e0 des entreprises de contr\u00f4ler les articles publi\u00e9s,\u00a0 suivre ses progr\u00e8s et\u00a0 \u00e9valuer les commentaires du public. La cl\u00e9 d&rsquo;une relation personnelle significative et \u00e9quilibr\u00e9e avec vos clients est un dialogue efficace construit \u00e0 partir d&rsquo;une publicit\u00e9 personnalis\u00e9e.<\/p>\n\t<h2>EMBALLAGE EXCLUSIF<\/h2><p>Il est prouv\u00e9 que quatre vingt pourcent des d\u00e9cisions d&rsquo;achat se font au moment de la pr\u00e9sentation donc, nous nous familiarisons avec la marque de commerce, la recherche et l&rsquo;\u00e9tude sp\u00e9cifique de l&rsquo;environnement de vente au d\u00e9tail, la comp\u00e9tition, et la dynamique d&rsquo;achat du march\u00e9 cible.<\/p>\n\t<h2>R\u00c9PONSE DIRECTE<\/h2><p>L&rsquo;objectif primaire de la publicit\u00e9 de vente\/r\u00e9ponse directe est de pr\u00e9dire et modifier le comportement de la client\u00e8le, afin d&rsquo;influencer l&rsquo;achat et accro\u00eetre les ventes. Nous appliquons une strat\u00e9gie sp\u00e9cifique d&rsquo;appel \u00e0 l&rsquo;action afin de provoquer l&rsquo;essai et la conversion par la s\u00e9duction.<\/p>\n\t<h2>MARKETING DE COMMANDITE<\/h2><p>Le marketing de commandite est devenu une composante populaire dans la strat\u00e9gie de publicit\u00e9 des entreprises afin d&rsquo;accro\u00eetre les ventes, atteindre leur march\u00e9-cible, encourager la loyaut\u00e9 client\/employ\u00e9, et rehausser la marque de commerce ou l&rsquo;image de la compagnie.<\/p>\n\t<h2>MARCHANDISAGE CORPORATIF<\/h2><p>Nous savons l&rsquo;importance d&rsquo;une image positive. Nous comprenons que faire bonne impression chaque fois est vital et que les retomb\u00e9es peuvent \u00eatre inestimables. Nous travaillons en partenariat avec vous afin de concevoir une strat\u00e9gie de marketing sur mesure pour promouvoir votre produit et votre entreprise.\u00a0 Nous mettons \u00e0 votre disposition plus de 750 000 produits pour pouvoir r\u00e9pondre \u00e0 vos attentes. Nous pouvons \u00e9galement vous offrir de cr\u00e9er un produit exclusif si vous le souhaitez. Nous nous engageons \u00e0 mettre \u00e0 votre service l&rsquo;<a href=\"http:\/\/www.impactpromo.ca\">\u00e9ventail de nos produits<\/a> afin de promouvoir l&rsquo;image de votre entreprise.<\/p>\n\t<h2>STRAT\u00c9GIE D&rsquo;ACHAT M\u00c9DIATIQUE<\/h2><p>Nous sommes des sp\u00e9cialistes corporatifs avec une connaissance approfondie des m\u00e9dias \u00e9crits et \u00e9lectroniques et pouvons ainsi conseiller nos clients afin de maximiser leur campagne m\u00e9diatique.<\/p>\n<h2>\n\t\t\u00c0 PROPOS DE L&rsquo;ENTREPRISE\n\t<\/h2>\n\t<p>!mpact Marketing et Communications offre un service int\u00e9gr\u00e9 de publicit\u00e9 et de communications. Tous les b\u00e9n\u00e9fices d&rsquo;une grande entreprise &#8211; approche strat\u00e9gique, cr\u00e9ativit\u00e9 captivante, toute une gamme de services sur place &#8211; et tous les avantages d&rsquo;une boutique &#8211; r\u00e9ponse personnalis\u00e9e \u00e0 vos besoins, rapidit\u00e9 et souci continuel de nous m\u00e9riter votre client\u00e8le.<\/p>\n<p>En plus d&rsquo;\u00e9tablir des marques de commerce, nous visons les relations \u00e0 long terme. Nous avons l&rsquo;opportunit\u00e9 de travailler avec une grande diversit\u00e9 de clients. Plusieurs industries se pr\u00e9valent de notre expertise et nos clients oeuvrent dans les secteurs de l&rsquo;alimentation et boissons, pharmaceutique, chimique, communications, construction et transport.<\/p>\n<p>Nous nous sp\u00e9cialisons dans les communications de marketing et les clients cherchant une alternative aux agences traditionnelles. Nous nous effor\u00e7ons d&rsquo;\u00e9tablir une relation pour apporter des solutions aux probl\u00e8mes corporatifs et de mise en march\u00e9 en utilisant des concepts efficaces de marketing pour la promotion des produits et services de nos clients.<\/p>\n<p>De nos jours, les besoins changent \u00e0 la vitesse de l&rsquo;\u00e9clair et votre concepteur de marketing doit \u00eatre en mesure de r\u00e9pondre rapidement \u00e0 vos besoins avec cr\u00e9ativit\u00e9, vision et synergie dans la strat\u00e9gie de mise en march\u00e9 \u00e0 long terme. Notre objectif est de g\u00e9n\u00e9rer r\u00e9sultats et profits pour votre entreprise. La cr\u00e9ativit\u00e9, la passion et le service sont des outils essentiels pour atteindre les objectifs vis\u00e9s et ainsi constituer un excellent tremplin pour la promotion de vos produits et services. <a href=\"mailto:info@impactmc.ca\">Communiquez avec nous <\/a>d\u00e8s aujourd&rsquo;hui et laissez-nous vous d\u00e9montrer l&rsquo;!mpact que notre entreprise peut exercer sur la v\u00f4tre.<\/p>\n\t\t\t\t<img loading=\"lazy\" decoding=\"async\" src=\"https:\/\/impactmc.ca\/wp-content\/uploads\/2017\/05\/macbook.jpg\" alt=\"macbook\" itemprop=\"image\" height=\"667\" width=\"1000\" title=\"macbook\" onerror=\"this.style.display='none'\"  \/>\n\t\t250,000\n\t\t\t\t\tITEMS POS\n\t\t100,000\n\t\t\t\t\tT-SHIRTS\n\t\t762,134\n\t\t\t\t\tMOTS TRADUITS\n\t\t8,352\n\t\t\t\t\tPROJETS GRAPHIQUES\n<h2>\n\t\tCLIENTS\n\t<\/h2>\n\t<p>En plus d&rsquo;\u00e9tablir des marques de commerce, nous visons les relations \u00e0 long terme. Nous avons l&rsquo;opportunit\u00e9 de travailler avec une grande diversit\u00e9 de clients. Plusieurs industries se pr\u00e9valent de notre expertise et nos clients oeuvrent dans les secteurs de l&rsquo;alimentation et boissons, pharmaceutique, chimique, communications, construction et transport.<\/p>\n<h2>\n\t\tCR\u00c9ONS QUELQUE CHOSE ENSEMBLE\n\t<\/h2>\n\t<script>\nvar gform;gform||(document.addEventListener(\"gform_main_scripts_loaded\",function(){gform.scriptsLoaded=!0}),document.addEventListener(\"gform\/theme\/scripts_loaded\",function(){gform.themeScriptsLoaded=!0}),window.addEventListener(\"DOMContentLoaded\",function(){gform.domLoaded=!0}),gform={domLoaded:!1,scriptsLoaded:!1,themeScriptsLoaded:!1,isFormEditor:()=>\"function\"==typeof InitializeEditor,callIfLoaded:function(o){return!(!gform.domLoaded||!gform.scriptsLoaded||!gform.themeScriptsLoaded&&!gform.isFormEditor()||(gform.isFormEditor()&&console.warn(\"The use of gform.initializeOnLoaded() is deprecated in the form editor context and will be removed in Gravity Forms 3.1.\"),o(),0))},initializeOnLoaded:function(o){gform.callIfLoaded(o)||(document.addEventListener(\"gform_main_scripts_loaded\",()=>{gform.scriptsLoaded=!0,gform.callIfLoaded(o)}),document.addEventListener(\"gform\/theme\/scripts_loaded\",()=>{gform.themeScriptsLoaded=!0,gform.callIfLoaded(o)}),window.addEventListener(\"DOMContentLoaded\",()=>{gform.domLoaded=!0,gform.callIfLoaded(o)}))},hooks:{action:{},filter:{}},addAction:function(o,r,e,t){gform.addHook(\"action\",o,r,e,t)},addFilter:function(o,r,e,t){gform.addHook(\"filter\",o,r,e,t)},doAction:function(o){gform.doHook(\"action\",o,arguments)},applyFilters:function(o){return gform.doHook(\"filter\",o,arguments)},removeAction:function(o,r){gform.removeHook(\"action\",o,r)},removeFilter:function(o,r,e){gform.removeHook(\"filter\",o,r,e)},addHook:function(o,r,e,t,n){null==gform.hooks[o][r]&&(gform.hooks[o][r]=[]);var d=gform.hooks[o][r];null==n&&(n=r+\"_\"+d.length),gform.hooks[o][r].push({tag:n,callable:e,priority:t=null==t?10:t})},doHook:function(r,o,e){var t;if(e=Array.prototype.slice.call(e,1),null!=gform.hooks[r][o]&&((o=gform.hooks[r][o]).sort(function(o,r){return o.priority-r.priority}),o.forEach(function(o){\"function\"!=typeof(t=o.callable)&&(t=window[t]),\"action\"==r?t.apply(null,e):e[0]=t.apply(null,e)})),\"filter\"==r)return e[0]},removeHook:function(o,r,t,n){var e;null!=gform.hooks[o][r]&&(e=(e=gform.hooks[o][r]).filter(function(o,r,e){return!!(null!=n&&n!=o.tag||null!=t&&t!=o.priority)}),gform.hooks[o][r]=e)}});\n<\/script>\n\n                <div class='gf_browser_gecko gform_wrapper gform_legacy_markup_wrapper gform-theme--no-framework' data-form-theme='legacy' data-form-index='0' id='gform_wrapper_1' ><form method='post' enctype='multipart\/form-data'  id='gform_1'  action='\/fr\/wp-json\/wp\/v2\/pages\/95' data-formid='1' novalidate>\n                        <div class='gform-body gform_body'><ul id='gform_fields_1' class='gform_fields top_label form_sublabel_below description_below validation_below'><li id=\"field_1_4\" class=\"gfield gfield--type-honeypot gform_validation_container field_sublabel_below gfield--has-description field_description_below field_validation_below gfield_visibility_visible\"  ><label class='gfield_label gform-field-label' for='input_1_4'>X\/Twitter<\/label><div class='ginput_container'><input name='input_4' id='input_1_4' type='text' value='' autocomplete='new-password'\/><\/div><div class='gfield_description' id='gfield_description_1_4'>Ce champ n\u2019est utilis\u00e9 qu\u2019\u00e0 des fins de validation et devrait rester inchang\u00e9.<\/div><\/li><li id=\"field_1_1\" class=\"gfield gfield--type-text gf_left_third gfield_contains_required field_sublabel_below gfield--no-description field_description_above field_validation_below gfield_visibility_visible\"  ><label class='gfield_label gform-field-label' for='input_1_1'>Nom<span class=\"gfield_required\"><span class=\"gfield_required gfield_required_asterisk\">*<\/span><\/span><\/label><div class='ginput_container ginput_container_text'><input name='input_1' id='input_1_1' type='text' value='' class='large'     aria-required=\"true\" aria-invalid=\"false\"   \/><\/div><\/li><li id=\"field_1_2\" class=\"gfield gfield--type-email gf_middle_third field_sublabel_below gfield--no-description field_description_below field_validation_below gfield_visibility_visible\"  ><label class='gfield_label gform-field-label' for='input_1_2'>Courriel<\/label><div class='ginput_container ginput_container_email'>\n                            <input name='input_2' id='input_1_2' type='email' value='' class='large'     aria-invalid=\"false\"  \/>\n                        <\/div><\/li><li id=\"field_1_3\" class=\"gfield gfield--type-phone gf_right_third gfield_contains_required field_sublabel_below gfield--no-description field_description_below field_validation_below gfield_visibility_visible\"  ><label class='gfield_label gform-field-label' for='input_1_3'>T\u00e9l\u00e9phone<span class=\"gfield_required\"><span class=\"gfield_required gfield_required_asterisk\">*<\/span><\/span><\/label><div class='ginput_container ginput_container_phone'><input name='input_3' id='input_1_3' type='tel' value='' class='large'   aria-required=\"true\" aria-invalid=\"false\"   \/><\/div><\/li><\/ul><\/div>\n        <div class='gform-footer gform_footer top_label'> <input type='submit' id='gform_submit_button_1' class='gform_button button' onclick='gform.submission.handleButtonClick(this);' data-submission-type='submit' value='Soumettre'  \/> \n            <input type='hidden' class='gform_hidden' name='gform_submission_method' data-js='gform_submission_method_1' value='postback' \/>\n            <input type='hidden' class='gform_hidden' name='gform_theme' data-js='gform_theme_1' id='gform_theme_1' value='legacy' \/>\n            <input type='hidden' class='gform_hidden' name='gform_style_settings' data-js='gform_style_settings_1' id='gform_style_settings_1' value='[]' \/>\n            <input type='hidden' class='gform_hidden' name='is_submit_1' value='1' \/>\n            <input type='hidden' class='gform_hidden' name='gform_submit' value='1' \/>\n            \n            <input type='hidden' class='gform_hidden' name='gform_currency' data-currency='CAD' value='6lGhpDgYOuW6zcSbemRtuM+95lkrWu4k+5mdJhP1WAKuJJrhZFSmOG0VW1Knbpt+Gp+AZQXyXy9+MR99LK0B5ZBTLcL0cTCQScuyE6v+9U3jPRE=' \/>\n            <input type='hidden' class='gform_hidden' name='gform_unique_id' value='' \/>\n            <input type='hidden' class='gform_hidden' name='state_1' value='WyJbXSIsImNmMWM1NjIxZjMyMDM1ZDgyZDJkOTUyYWZiZTBlN2EyIl0=' \/>\n            <input type='hidden' autocomplete='off' class='gform_hidden' name='gform_target_page_number_1' id='gform_target_page_number_1' value='0' \/>\n            <input type='hidden' autocomplete='off' class='gform_hidden' name='gform_source_page_number_1' id='gform_source_page_number_1' value='1' \/>\n            <input type='hidden' name='gform_field_values' value='' \/>\n            \n        <\/div>\n                        <\/form>\n                        <\/div><script>\ngform.initializeOnLoaded( function() {gformInitSpinner( 1, 'https:\/\/impactmc.ca\/wp-content\/plugins\/gravityforms\/images\/spinner.svg', true );jQuery('#gform_ajax_frame_1').on('load',function(){var contents = jQuery(this).contents().find('*').html();var is_postback = contents.indexOf('GF_AJAX_POSTBACK') >= 0;if(!is_postback){return;}var form_content = jQuery(this).contents().find('#gform_wrapper_1');var is_confirmation = jQuery(this).contents().find('#gform_confirmation_wrapper_1').length > 0;var is_redirect = contents.indexOf('gformRedirect(){') >= 0;var is_form = form_content.length > 0 && ! is_redirect && ! is_confirmation;var mt = parseInt(jQuery('html').css('margin-top'), 10) + parseInt(jQuery('body').css('margin-top'), 10) + 100;if(is_form){jQuery('#gform_wrapper_1').html(form_content.html());if(form_content.hasClass('gform_validation_error')){jQuery('#gform_wrapper_1').addClass('gform_validation_error');} else {jQuery('#gform_wrapper_1').removeClass('gform_validation_error');}setTimeout( function() { \/* delay the scroll by 50 milliseconds to fix a bug in chrome *\/  }, 50 );if(window['gformInitDatepicker']) {gformInitDatepicker();}if(window['gformInitPriceFields']) {gformInitPriceFields();}var current_page = jQuery('#gform_source_page_number_1').val();gformInitSpinner( 1, 'https:\/\/impactmc.ca\/wp-content\/plugins\/gravityforms\/images\/spinner.svg', true );jQuery(document).trigger('gform_page_loaded', [1, current_page]);window['gf_submitting_1'] = false;}else if(!is_redirect){var confirmation_content = jQuery(this).contents().find('.GF_AJAX_POSTBACK').html();if(!confirmation_content){confirmation_content = contents;}jQuery('#gform_wrapper_1').replaceWith(confirmation_content);jQuery(document).trigger('gform_confirmation_loaded', [1]);window['gf_submitting_1'] = false;wp.a11y.speak(jQuery('#gform_confirmation_message_1').text());}else{jQuery('#gform_1').append(contents);if(window['gformRedirect']) {gformRedirect();}}jQuery(document).trigger(\"gform_pre_post_render\", [{ formId: \"1\", currentPage: \"current_page\", abort: function() { this.preventDefault(); } }]);        if (event && event.defaultPrevented) {                return;        }        const gformWrapperDiv = document.getElementById( \"gform_wrapper_1\" );        if ( gformWrapperDiv ) {            const visibilitySpan = document.createElement( \"span\" );            visibilitySpan.id = \"gform_visibility_test_1\";            gformWrapperDiv.insertAdjacentElement( \"afterend\", visibilitySpan );        }        const visibilityTestDiv = document.getElementById( \"gform_visibility_test_1\" );        let postRenderFired = false;        function triggerPostRender() {            if ( postRenderFired ) {                return;            }            postRenderFired = true;            gform.core.triggerPostRenderEvents( 1, current_page );            if ( visibilityTestDiv ) {                visibilityTestDiv.parentNode.removeChild( visibilityTestDiv );            }        }        function debounce( func, wait, immediate ) {            var timeout;            return function() {                var context = this, args = arguments;                var later = function() {                    timeout = null;                    if ( !immediate ) func.apply( context, args );                };                var callNow = immediate && !timeout;                clearTimeout( timeout );                timeout = setTimeout( later, wait );                if ( callNow ) func.apply( context, args );            };        }        const debouncedTriggerPostRender = debounce( function() {            triggerPostRender();        }, 200 );        if ( visibilityTestDiv && visibilityTestDiv.offsetParent === null ) {            const observer = new MutationObserver( ( mutations ) => {                mutations.forEach( ( mutation ) => {                    if ( mutation.type === 'attributes' && visibilityTestDiv.offsetParent !== null ) {                        debouncedTriggerPostRender();                        observer.disconnect();                    }                });            });            observer.observe( document.body, {                attributes: true,                childList: false,                subtree: true,                attributeFilter: [ 'style', 'class' ],            });        } else {            triggerPostRender();        }    } );} );\n<\/script>\n\n\n","protected":false},"excerpt":{"rendered":"<p>Service int\u00e9gr\u00e9 de publicit\u00e9 et de communications Une r\u00e9elle alternative aux agences traditionnelles. Cr\u00e9ativit\u00e9 captivante | Rapidit\u00e9 | Souci continuel de vos besoins VOYEZ CE QU&rsquo;IMPACT PEUT FAIRE POUR VOUS NOUS SOMMES IMPACT MARKETING Fini, l&rsquo;agence traditionnelle ! PUBLICIT\u00c9 Nous pouvons moderniser et am\u00e9liorer la pr\u00e9sentation de vos marques de commerce actuelles et vous aider&hellip;<\/p>\n","protected":false},"author":1,"featured_media":0,"parent":0,"menu_order":0,"comment_status":"closed","ping_status":"closed","template":"","meta":{"_seopress_robots_primary_cat":"","_seopress_titles_title":"","_seopress_titles_desc":"","_seopress_robots_index":"","footnotes":""},"class_list":["post-95","page","type-page","status-publish","hentry"],"_links":{"self":[{"href":"https:\/\/impactmc.ca\/fr\/wp-json\/wp\/v2\/pages\/95","targetHints":{"allow":["GET"]}}],"collection":[{"href":"https:\/\/impactmc.ca\/fr\/wp-json\/wp\/v2\/pages"}],"about":[{"href":"https:\/\/impactmc.ca\/fr\/wp-json\/wp\/v2\/types\/page"}],"author":[{"embeddable":true,"href":"https:\/\/impactmc.ca\/fr\/wp-json\/wp\/v2\/users\/1"}],"replies":[{"embeddable":true,"href":"https:\/\/impactmc.ca\/fr\/wp-json\/wp\/v2\/comments?post=95"}],"version-history":[{"count":5,"href":"https:\/\/impactmc.ca\/fr\/wp-json\/wp\/v2\/pages\/95\/revisions"}],"predecessor-version":[{"id":585,"href":"https:\/\/impactmc.ca\/fr\/wp-json\/wp\/v2\/pages\/95\/revisions\/585"}],"wp:attachment":[{"href":"https:\/\/impactmc.ca\/fr\/wp-json\/wp\/v2\/media?parent=95"}],"curies":[{"name":"wp","href":"https:\/\/api.w.org\/{rel}","templated":true}]}}